{"id":85,"date":"2024-03-22T20:32:54","date_gmt":"2024-03-22T20:32:54","guid":{"rendered":"https:\/\/uwi.com.ar\/?page_id=85"},"modified":"2024-03-22T20:37:56","modified_gmt":"2024-03-22T20:37:56","slug":"planes","status":"publish","type":"page","link":"https:\/\/uwi.com.ar\/index.php\/planes\/","title":{"rendered":"Planes"},"content":{"rendered":"<div class=\"wpb-content-wrapper\"><p>[vc_row type=&#8221;full-nopad&#8221; max_width=&#8221;900&#8243; css_animation=&#8221;fadeInUp&#8221;][vc_column][vc_empty_space height=&#8221;45px&#8221;][vc_empty_space height=&#8221;45px&#8221;][vc_empty_space height=&#8221;45px&#8221;][vc_column_text]<\/p>\n<h1 style=\"text-align: center;\">Planes de Internet en tu Zona<\/h1>\n<p>[\/vc_column_text][vc_empty_space height=&#8221;45px&#8221;][vc_empty_space height=&#8221;45px&#8221;][\/vc_column][\/vc_row][vc_row max_width=&#8221;1400&#8243; css_animation=&#8221;none&#8221; css=&#8221;.vc_custom_1711139652050{border-top-width: 5px !important;border-right-width: 5px !important;border-bottom-width: 5px !important;border-left-width: 5px !important;padding-top: 12px !important;padding-right: 12px !important;padding-bottom: 12px !important;padding-left: 12px !important;}&#8221;][vc_column width=&#8221;1\/3&#8243; css=&#8221;.vc_custom_1710878136685{border-top-width: 2px !important;border-right-width: 2px !important;border-bottom-width: 2px !important;border-left-width: 2px !important;padding-top: 12px !important;padding-right: 12px !important;padding-bottom: 12px !important;padding-left: 12px !important;background-color: #ffffff !important;border-left-color: #fffef9 !important;border-left-style: solid !important;border-right-color: #fffef9 !important;border-right-style: solid !important;border-top-color: #fffef9 !important;border-top-style: solid !important;border-bottom-color: #fffef9 !important;border-bottom-style: solid !important;border-radius: 30px !important;}&#8221;][vc_empty_space height=&#8221;25px&#8221;][vc_column_text]<\/p>\n<h2 style=\"text-align: center;\"><strong><span style=\"color: #fcad00;\">PLAN<\/span><br \/>\n<span style=\"color: #471aa0;\">TRABAJAR<\/span><\/strong><\/h2>\n<p>[\/vc_column_text][vc_empty_space height=&#8221;35px&#8221;][vc_separator accent_color=&#8221;#c1c1c1&#8243;][vc_empty_space height=&#8221;25px&#8221;][vc_column_text]<\/p>\n<p style=\"text-align: center;\"><span style=\"font-weight: 400;\">Dise\u00f1ado para realizar Teletrabajo, gestionar transacciones bancarias online, utilizar c\u00e1maras de seguridad, acceder en forma remota a sitios\u00a0 mediante VPNs. Ideal para jugar online.<\/span><\/p>\n<p>[\/vc_column_text][vc_empty_space height=&#8221;25px&#8221;][vc_column_text]<\/p>\n<p style=\"text-align: center;\">1500 GB de Capacidad Mensual<br \/>\nAlta Prioridad<br \/>\nRespaldo de Energ\u00eda (1H)<br \/>\nSoporte Presencial Preferencial<br \/>\nVelocidad M\u00ednima de 4 Mbps<br \/>\nHasta 40 Mbps de Velocidad M\u00e1xima<\/p>\n<p>[\/vc_column_text][vc_empty_space height=&#8221;25px&#8221;][vc_empty_space height=&#8221;25px&#8221;][vc_empty_space height=&#8221;45px&#8221;][vc_empty_space height=&#8221;45px&#8221;][\/vc_column][vc_column width=&#8221;1\/3&#8243; css=&#8221;.vc_custom_1710876641619{border-top-width: 2px !important;border-right-width: 2px !important;border-bottom-width: 2px !important;border-left-width: 2px !important;padding-top: 12px !important;padding-right: 12px !important;padding-bottom: 12px !important;padding-left: 12px !important;background-color: #ffffff !important;border-left-color: #efefef !important;border-left-style: solid !important;border-right-color: #efefef !important;border-right-style: solid !important;border-top-color: #efefef !important;border-top-style: solid !important;border-bottom-color: #efefef !important;border-bottom-style: solid !important;border-radius: 30px !important;}&#8221;][vc_empty_space height=&#8221;25px&#8221;][vc_column_text]<\/p>\n<h2 style=\"text-align: center;\"><strong><span style=\"color: #fcad00;\">PLAN<\/span><br \/>\n<span style=\"color: #471aa0;\">ESTUDIAR<\/span><\/strong><\/h2>\n<p>[\/vc_column_text][vc_empty_space height=&#8221;35px&#8221;][vc_separator accent_color=&#8221;#c1c1c1&#8243;][vc_empty_space height=&#8221;25px&#8221;][vc_column_text]<\/p>\n<p style=\"text-align: center;\"><span style=\"font-weight: 400;\">Dise\u00f1ado para estudiar en plataformas online, realizar videoconferencias, enviar archivos grandes. Incluye las descripciones del plan Disfrutar<\/span><\/p>\n<p>[\/vc_column_text][vc_empty_space height=&#8221;25px&#8221;][vc_column_text]<\/p>\n<p style=\"text-align: center;\">700 GB de Capacidad Mensual<br \/>\nPrioridad Media<br \/>\nSoporte Presencial Est\u00e1ndar<br \/>\nVelocidad M\u00ednima de 3 Mbps<br \/>\nHasta 30 Mbps de Velocidad M\u00e1xima<\/p>\n<p>[\/vc_column_text][vc_empty_space height=&#8221;25px&#8221;][vc_empty_space height=&#8221;25px&#8221;][vc_empty_space height=&#8221;45px&#8221;][vc_empty_space height=&#8221;45px&#8221;][\/vc_column][vc_column width=&#8221;1\/3&#8243; css=&#8221;.vc_custom_1710878142600{margin-top: 0px !important;margin-right: 0px !important;margin-bottom: 0px !important;margin-left: 0px !important;border-top-width: 2px !important;border-right-width: 2px !important;border-bottom-width: 2px !important;border-left-width: 2px !important;padding-top: 12px !important;padding-right: 12px !important;padding-bottom: 12px !important;padding-left: 12px !important;background-color: #ffffff !important;border-left-color: #fffef9 !important;border-left-style: solid !important;border-right-color: #fffef9 !important;border-right-style: solid !important;border-top-color: #fffef9 !important;border-top-style: solid !important;border-bottom-color: #fffef9 !important;border-bottom-style: solid !important;border-radius: 30px !important;}&#8221;][vc_empty_space height=&#8221;25px&#8221;][vc_column_text]<\/p>\n<h2 style=\"text-align: center;\"><strong><span style=\"color: #fcad00;\">PLAN<\/span><br \/>\n<span style=\"color: #471aa0;\">DISFRUTAR<\/span><\/strong><\/h2>\n<p>[\/vc_column_text][vc_empty_space height=&#8221;35px&#8221;][vc_separator accent_color=&#8221;#c1c1c1&#8243;][vc_empty_space height=&#8221;25px&#8221;][vc_column_text]<\/p>\n<p style=\"text-align: center;\"><span style=\"font-weight: 400;\">Est\u00e1 dise\u00f1ado para tener una vida digital activa. Utilizar redes sociales, realizar compras por internet, ver pel\u00edculas a cualquier hora, estar comunicado con todo el mundo.<\/span><\/p>\n<p>[\/vc_column_text][vc_empty_space height=&#8221;25px&#8221;][vc_column_text]<\/p>\n<p style=\"text-align: center;\">300 GB de Capacidad Mensual<br \/>\nPrioridad Baja<br \/>\nSoporte Presencial Est\u00e1ndar<br \/>\nVelocidad M\u00ednima de 2 Mbps<br \/>\nHasta 20 Mbps de Velocidad M\u00e1xima<\/p>\n<p>[\/vc_column_text][vc_empty_space height=&#8221;25px&#8221;][vc_empty_space height=&#8221;25px&#8221;][vc_empty_space height=&#8221;45px&#8221;][vc_empty_space height=&#8221;45px&#8221;][\/vc_column][\/vc_row][vc_row][vc_column width=&#8221;1\/4&#8243;][vc_empty_space height=&#8221;45px&#8221;][vc_empty_space height=&#8221;45px&#8221;][vc_empty_space height=&#8221;45px&#8221;][\/vc_column][vc_column width=&#8221;1\/2&#8243;][vc_empty_space height=&#8221;45px&#8221;][vc_column_text]<\/p>\n<h1 style=\"text-align: center;\">Internet en Todos Lados<\/h1>\n<p>[\/vc_column_text][vc_empty_space height=&#8221;25px&#8221;][vc_column_text]<\/p>\n<p style=\"text-align: center;\">Red Troncal de Fibra \u00d3ptica (capacidad)<br \/>\nDos o m\u00e1s Proveedores Mayoristas de Conectividad (redundancia)<br \/>\nEquipos y Materiales de buena calidad (confiabilidad)<br \/>\nMonitoreo de Red (alarmas ante incidentes)<br \/>\nSoporte Virtual y Presencial (con tiempos predecibles)<br \/>\nAutogesti\u00f3n del Servicio (plataforma de pago online, tickets de incidentes, configuraci\u00f3n automatizada y autogestionable)<\/p>\n<p>[\/vc_column_text][vc_empty_space height=&#8221;45px&#8221;][vc_empty_space height=&#8221;45px&#8221;][\/vc_column][vc_column width=&#8221;1\/4&#8243;][\/vc_column][\/vc_row]<\/p>\n<\/div>","protected":false},"excerpt":{"rendered":"<p>[vc_row type=&#8221;full-nopad&#8221; max_width=&#8221;900&#8243; css_animation=&#8221;fadeInUp&#8221;][vc_column][vc_empty_space height=&#8221;45px&#8221;][vc_empty_space height=&#8221;45px&#8221;][vc_empty_space height=&#8221;45px&#8221;][vc_column_text] Planes de Internet en tu Zona [\/vc_column_text][vc_empty_space height=&#8221;45px&#8221;][vc_empty_space height=&#8221;45px&#8221;][\/vc_column][\/vc_row][vc_row max_width=&#8221;1400&#8243; css_animation=&#8221;none&#8221; css=&#8221;.vc_custom_1711139652050{border-top-width: 5px !important;border-right-width: 5px !important;border-bottom-width: 5px !important;border-left-width: 5px !important;padding-top: 12px !important;padding-right: 12px !important;padding-bottom: 12px !important;padding-left: 12px !important;}&#8221;][vc_column width=&#8221;1\/3&#8243; css=&#8221;.vc_custom_1710878136685{border-top-width: 2px !important;border-right-width: 2px !important;border-bottom-width: 2px !important;border-left-width: 2px !important;padding-top: 12px !important;padding-right: 12px !important;padding-bottom: 12px !important;padding-left: 12px !important;background-color: #ffffff !important;border-left-color: &hellip;<\/p>\n","protected":false},"author":1,"featured_media":0,"parent":0,"menu_order":0,"comment_status":"closed","ping_status":"closed","template":"templates\/page-full.php","meta":{"footnotes":""},"class_list":["post-85","page","type-page","status-publish","hentry"],"_links":{"self":[{"href":"https:\/\/uwi.com.ar\/index.php\/wp-json\/wp\/v2\/pages\/85","targetHints":{"allow":["GET"]}}],"collection":[{"href":"https:\/\/uwi.com.ar\/index.php\/wp-json\/wp\/v2\/pages"}],"about":[{"href":"https:\/\/uwi.com.ar\/index.php\/wp-json\/wp\/v2\/types\/page"}],"author":[{"embeddable":true,"href":"https:\/\/uwi.com.ar\/index.php\/wp-json\/wp\/v2\/users\/1"}],"replies":[{"embeddable":true,"href":"https:\/\/uwi.com.ar\/index.php\/wp-json\/wp\/v2\/comments?post=85"}],"version-history":[{"count":3,"href":"https:\/\/uwi.com.ar\/index.php\/wp-json\/wp\/v2\/pages\/85\/revisions"}],"predecessor-version":[{"id":95,"href":"https:\/\/uwi.com.ar\/index.php\/wp-json\/wp\/v2\/pages\/85\/revisions\/95"}],"wp:attachment":[{"href":"https:\/\/uwi.com.ar\/index.php\/wp-json\/wp\/v2\/media?parent=85"}],"curies":[{"name":"wp","href":"https:\/\/api.w.org\/{rel}","templated":true}]}}