{"id":75,"date":"2024-03-22T20:30:15","date_gmt":"2024-03-22T20:30:15","guid":{"rendered":"https:\/\/uwi.com.ar\/?page_id=75"},"modified":"2024-03-22T20:43:27","modified_gmt":"2024-03-22T20:43:27","slug":"asesoramiento","status":"publish","type":"page","link":"https:\/\/uwi.com.ar\/index.php\/asesoramiento\/","title":{"rendered":"Asesoramiento"},"content":{"rendered":"<div class=\"wpb-content-wrapper\"><p>[vc_row type=&#8221;full-nopad&#8221;][vc_column width=&#8221;1\/4&#8243;][\/vc_column][vc_column width=&#8221;1\/2&#8243;][vc_empty_space height=&#8221;45px&#8221;][vc_empty_space height=&#8221;45px&#8221;][vc_column_text]<\/p>\n<p style=\"text-align: center;\"><b>EVALUACION DE COBERTURA WIFI Y PROPUESTA DE INSTALACI\u00d3N<\/b><\/p>\n<p style=\"text-align: center;\"><span style=\"font-weight: 400;\">Luego de confirmada una venta, se realiza una visita de Evaluaci\u00f3n de Cobertura WIFI y Propuesta de Instalaci\u00f3n, sin cargo.<\/span><\/p>\n<p style=\"text-align: center;\"><span style=\"font-weight: 400;\">En esta visita se busca evaluar las necesidades de conectividad del usuario, en funci\u00f3n de sus costumbres, los diferentes tipos de dispositivos a conectar en su domicilio, la estructura edilicia que posee, y las caracter\u00edsticas que desee para el despliegue de la red de distribuci\u00f3n interna del servicio.<\/span><\/p>\n<p style=\"text-align: center;\"><span style=\"font-weight: 400;\">Si bien el usuario ha comunicado su intenci\u00f3n de contratar el servicio, es en esta visita que se define el costo real de la instalaci\u00f3n y del abono seleccionado, en funci\u00f3n de las necesidades descritas anteriormente.<\/span><\/p>\n<p style=\"text-align: center;\"><span style=\"font-weight: 400;\">Si no hay conformidad, en esta instancia se puede cancelar la solicitud sin cargo.<\/span><\/p>\n<p style=\"text-align: center;\"><span style=\"font-weight: 400;\">Si presta conformidad, se formaliza la contrataci\u00f3n con la instalaci\u00f3n de la APP del servicio, la generaci\u00f3n de la factura de instalaci\u00f3n y la cancelaci\u00f3n del pago en el mismo momento. Esta instancia permite entrenar al usuario para el manejo de la APP, de forma de facilitar la comunicaci\u00f3n con la empresa y entender la forma de pago online.<\/span><\/p>\n<p>[\/vc_column_text][vc_empty_space height=&#8221;45px&#8221;][vc_empty_space height=&#8221;45px&#8221;][\/vc_column][vc_column width=&#8221;1\/4&#8243;][\/vc_column][\/vc_row]<\/p>\n<\/div>","protected":false},"excerpt":{"rendered":"<p>[vc_row type=&#8221;full-nopad&#8221;][vc_column width=&#8221;1\/4&#8243;][\/vc_column][vc_column width=&#8221;1\/2&#8243;][vc_empty_space height=&#8221;45px&#8221;][vc_empty_space height=&#8221;45px&#8221;][vc_column_text] EVALUACION DE COBERTURA WIFI Y PROPUESTA DE INSTALACI\u00d3N Luego de confirmada una venta, se realiza una visita de Evaluaci\u00f3n de Cobertura WIFI y Propuesta de Instalaci\u00f3n, sin cargo. En esta visita se busca evaluar las necesidades de conectividad del usuario, en funci\u00f3n de sus costumbres, los diferentes tipos de &hellip;<\/p>\n","protected":false},"author":1,"featured_media":0,"parent":0,"menu_order":0,"comment_status":"closed","ping_status":"closed","template":"templates\/page-full.php","meta":{"footnotes":""},"class_list":["post-75","page","type-page","status-publish","hentry"],"_links":{"self":[{"href":"https:\/\/uwi.com.ar\/index.php\/wp-json\/wp\/v2\/pages\/75","targetHints":{"allow":["GET"]}}],"collection":[{"href":"https:\/\/uwi.com.ar\/index.php\/wp-json\/wp\/v2\/pages"}],"about":[{"href":"https:\/\/uwi.com.ar\/index.php\/wp-json\/wp\/v2\/types\/page"}],"author":[{"embeddable":true,"href":"https:\/\/uwi.com.ar\/index.php\/wp-json\/wp\/v2\/users\/1"}],"replies":[{"embeddable":true,"href":"https:\/\/uwi.com.ar\/index.php\/wp-json\/wp\/v2\/comments?post=75"}],"version-history":[{"count":2,"href":"https:\/\/uwi.com.ar\/index.php\/wp-json\/wp\/v2\/pages\/75\/revisions"}],"predecessor-version":[{"id":105,"href":"https:\/\/uwi.com.ar\/index.php\/wp-json\/wp\/v2\/pages\/75\/revisions\/105"}],"wp:attachment":[{"href":"https:\/\/uwi.com.ar\/index.php\/wp-json\/wp\/v2\/media?parent=75"}],"curies":[{"name":"wp","href":"https:\/\/api.w.org\/{rel}","templated":true}]}}