{"id":107,"date":"2024-03-22T20:45:10","date_gmt":"2024-03-22T20:45:10","guid":{"rendered":"https:\/\/uwi.com.ar\/?page_id=107"},"modified":"2024-04-10T17:36:34","modified_gmt":"2024-04-10T17:36:34","slug":"nosotros","status":"publish","type":"page","link":"https:\/\/uwi.com.ar\/index.php\/nosotros\/","title":{"rendered":"Nosotros"},"content":{"rendered":"<div class=\"wpb-content-wrapper\"><p>[vc_row max_width=&#8221;1400&#8243; css_animation=&#8221;none&#8221; css=&#8221;.vc_custom_1711139652050{border-top-width: 5px !important;border-right-width: 5px !important;border-bottom-width: 5px !important;border-left-width: 5px !important;padding-top: 12px !important;padding-right: 12px !important;padding-bottom: 12px !important;padding-left: 12px !important;}&#8221;][vc_column width=&#8221;1\/6&#8243;][\/vc_column][vc_column width=&#8221;2\/3&#8243;][vc_empty_space height=&#8221;25px&#8221;][vc_column_text]<img loading=\"lazy\" decoding=\"async\" class=\"aligncenter wp-image-195\" src=\"https:\/\/uwi.com.ar\/wp-content\/uploads\/2024\/04\/uwi-interenet.jpg\" alt=\"\" width=\"147\" height=\"190\" srcset=\"https:\/\/uwi.com.ar\/wp-content\/uploads\/2024\/04\/uwi-interenet.jpg 251w, https:\/\/uwi.com.ar\/wp-content\/uploads\/2024\/04\/uwi-interenet-232x300.jpg 232w\" sizes=\"auto, (max-width: 147px) 100vw, 147px\" \/>[\/vc_column_text][vc_empty_space height=&#8221;25px&#8221;][vc_column_text]<\/p>\n<h2 style=\"text-align: center;\"><strong><span style=\"color: #471aa0;\">Nosotros<\/span><\/strong><\/h2>\n<p>[\/vc_column_text][vc_empty_space height=&#8221;35px&#8221;][vc_column_text]<span style=\"font-weight: 400;\"><strong>Somos un grupo de personas entusiastas de la tecnolog\u00eda,<\/strong> con profesionales de m\u00e1s de 20 a\u00f1os de experiencia en telecomunicaciones, y vocaci\u00f3n de ofrecer servicios de alta calidad.<\/span><\/p>\n<p><span style=\"font-weight: 400;\"><strong>Fundamos la empresa con la esperanza de disminuir las zonas donde la conectividad no llega<\/strong> o es marginada a calidades deficientes de comunicaci\u00f3n.<\/span><\/p>\n<p><span style=\"font-weight: 400;\"><strong>Creemos firmemente que vivir en el interior es apostar por una mejor calidad de vida,<\/strong> porque nos desarrollamos y crecemos en este tipo de comunidades.<\/span><\/p>\n<p><strong>Nuestra contribuci\u00f3n se basa en construir redes digitales confiables.<\/strong><\/p>\n<p><strong>Con esta estructura, entregamos Internet de verdad.<\/strong>[\/vc_column_text][vc_empty_space height=&#8221;25px&#8221;][vc_empty_space height=&#8221;25px&#8221;][vc_empty_space height=&#8221;45px&#8221;][vc_empty_space height=&#8221;45px&#8221;][\/vc_column][vc_column width=&#8221;1\/6&#8243;][\/vc_column][\/vc_row][vc_row][vc_column][vc_column_text]<\/p>\n<p>[\/vc_column_text][\/vc_column][\/vc_row][vc_row type=&#8221;full-nopad&#8221; css=&#8221;.vc_custom_1711141003451{background-color: #471aa0 !important;}&#8221;][vc_column width=&#8221;1\/4&#8243;][vc_empty_space height=&#8221;45px&#8221;][\/vc_column][vc_column width=&#8221;1\/2&#8243;][vc_empty_space height=&#8221;45px&#8221;][vc_column_text]<\/p>\n<h3 class=\"vc_custom_heading us_custom_6745946f\" style=\"text-align: center;\"><span style=\"color: #ffffff;\">Contactanos!<\/span><\/h3>\n<p>[\/vc_column_text][vc_empty_space height=&#8221;35px&#8221;]\n<div class=\"wpcf7 no-js\" id=\"wpcf7-f7-o1\" lang=\"en-US\" dir=\"ltr\" data-wpcf7-id=\"7\">\n<div class=\"screen-reader-response\"><p role=\"status\" aria-live=\"polite\" aria-atomic=\"true\"><\/p> <ul><\/ul><\/div>\n<form action=\"\/index.php\/wp-json\/wp\/v2\/pages\/107#wpcf7-f7-o1\" method=\"post\" class=\"wpcf7-form init\" aria-label=\"Contact form\" novalidate=\"novalidate\" data-status=\"init\">\n<fieldset class=\"hidden-fields-container\"><input type=\"hidden\" name=\"_wpcf7\" value=\"7\" \/><input type=\"hidden\" name=\"_wpcf7_version\" value=\"6.1.5\" \/><input type=\"hidden\" name=\"_wpcf7_locale\" value=\"en_US\" \/><input type=\"hidden\" name=\"_wpcf7_unit_tag\" value=\"wpcf7-f7-o1\" \/><input type=\"hidden\" name=\"_wpcf7_container_post\" value=\"0\" \/><input type=\"hidden\" name=\"_wpcf7_posted_data_hash\" value=\"\" \/><input type=\"hidden\" name=\"_wpcf7dtx_version\" value=\"5.0.5\" \/>\n<\/fieldset>\n<p><span class=\"wpcf7-form-control-wrap\" data-name=\"your-name\"><input size=\"40\" maxlength=\"400\" class=\"wpcf7-form-control wpcf7-text wpcf7-validates-as-required\" aria-required=\"true\" aria-invalid=\"false\" placeholder=\"Nombre\" value=\"\" type=\"text\" name=\"your-name\" \/><\/span>\n<\/p>\n<p><span class=\"wpcf7-form-control-wrap\" data-name=\"your-localidad\"><input size=\"40\" maxlength=\"400\" class=\"wpcf7-form-control wpcf7-text wpcf7-validates-as-required\" aria-required=\"true\" aria-invalid=\"false\" placeholder=\"Localidad\" value=\"\" type=\"text\" name=\"your-localidad\" \/><\/span>\n<\/p>\n<p><span class=\"wpcf7-form-control-wrap\" data-name=\"your-email\"><input size=\"40\" maxlength=\"400\" class=\"wpcf7-form-control wpcf7-email wpcf7-validates-as-required wpcf7-text wpcf7-validates-as-email\" aria-required=\"true\" aria-invalid=\"false\" placeholder=\"E-mail\" value=\"\" type=\"email\" name=\"your-email\" \/><\/span>\n<\/p>\n<p><span class=\"wpcf7-form-control-wrap\" data-name=\"tel-714\"><input size=\"40\" maxlength=\"400\" class=\"wpcf7-form-control wpcf7-tel wpcf7-validates-as-required wpcf7-text wpcf7-validates-as-tel\" aria-required=\"true\" aria-invalid=\"false\" placeholder=\"Telefono\" value=\"\" type=\"tel\" name=\"tel-714\" \/><\/span>\n<\/p>\n<span class=\"wpcf7-form-control-wrap chapter\" data-name=\"chapter\"><input type=\"hidden\" name=\"chapter\" class=\"wpcf7-form-control wpcf7-hidden wpcf7dtx wpcf7dtx-hidden\" aria-invalid=\"false\" value=\"Nosotros\"><\/span>\n<p><span class=\"wpcf7-form-control-wrap\" data-name=\"textarea-641\"><textarea cols=\"40\" rows=\"10\" maxlength=\"2000\" class=\"wpcf7-form-control wpcf7-textarea\" aria-invalid=\"false\" name=\"textarea-641\">Hola, quisiera realizar una consulta a UWI<\/textarea><\/span>\n<\/p>\n<h4 class=\"vc_custom_heading us_custom_6745946f\" style=\"text-align: center;\"><span style=\"color: #ffffff;\">Para una mejor atenci\u00f3n, localice en este mapa su domicilio:<\/span>\n<\/h4>\n<div id=\"\" class=\"wpcf7-form-control-wrap cf7-google-map-container map-822\" \n  data-name=\"map-822\" \n  data-show-address=\"false\" \n  data-zoom=\"15\" \n  data-clat=\"-33.91392816650205\" \n  data-clng=\"-60.94128564474565\" \n  data-lat=\"-33.9128753148416\" \n  data-lng=\"-60.94172982635499\">\n  <div id=\"cf7-googlemap-map-822\" class=\"cf7-googlemap wpcf7-form-control wpcf7-map cf7-googleMap\"><\/div>\n  <div class=\"cf7-google-map-search\">\n\t\t  <span class=\"dashicons dashicons-search\"><\/span><span class=\"dashicons dashicons-no-alt\"><\/span>\n\t\t<input name=\"search-map-822\" id=\"search-map-822\" value=\"\" class=\"cf7marker-address\" type=\"text\">\n\t<input name=\"zoom-map-822\" id=\"zoom-map-822\" value=\"\" type=\"hidden\">\n\t<input name=\"clat-map-822\" id=\"clat-map-822\" value=\"\" type=\"hidden\">\n\t<input name=\"clng-map-822\" id=\"clng-map-822\" value=\"\" type=\"hidden\">\n\t<input name=\"lat-map-822\" id=\"lat-map-822\" value=\"\" type=\"hidden\">\n\t<input name=\"lng-map-822\" id=\"lng-map-822\" value=\"\" type=\"hidden\">\n\t<input name=\"address-map-822\" id=\"address-map-822\" value=\"\" type=\"hidden\">\n\t<input name=\"map-822\" id=\"map-822\"  class=\"cf7-googlemap-field\" value=\"\" type=\"hidden\">\n\t<input name=\"manual-address-map-822\" id=\"manual-address-map-822\" value=\"false\" type=\"hidden\">\n  <\/div>\n  <span class=\"wpcf7-form-control-wrap map-822\"><\/span>\n  <script type=\"text\/javascript\"><\/script>\n<\/div>\n<p><input class=\"wpcf7-form-control wpcf7-submit has-spinner\" type=\"submit\" value=\"Enviar\" \/>\n<\/p><div class=\"wpcf7-response-output\" aria-hidden=\"true\"><\/div>\n<\/form>\n<\/div>\n[vc_empty_space height=&#8221;45px&#8221;][\/vc_column][vc_column width=&#8221;1\/4&#8243;][\/vc_column][\/vc_row]<\/p>\n<\/div>","protected":false},"excerpt":{"rendered":"<p>[vc_row max_width=&#8221;1400&#8243; css_animation=&#8221;none&#8221; css=&#8221;.vc_custom_1711139652050{border-top-width: 5px !important;border-right-width: 5px !important;border-bottom-width: 5px !important;border-left-width: 5px !important;padding-top: 12px !important;padding-right: 12px !important;padding-bottom: 12px !important;padding-left: 12px !important;}&#8221;][vc_column width=&#8221;1\/6&#8243;][\/vc_column][vc_column width=&#8221;2\/3&#8243;][vc_empty_space height=&#8221;25px&#8221;][vc_column_text][\/vc_column_text][vc_empty_space height=&#8221;25px&#8221;][vc_column_text] Nosotros [\/vc_column_text][vc_empty_space height=&#8221;35px&#8221;][vc_column_text]Somos un grupo de personas entusiastas de la tecnolog\u00eda, con profesionales de m\u00e1s de 20 a\u00f1os de experiencia en telecomunicaciones, y vocaci\u00f3n de ofrecer servicios de alta calidad. Fundamos &hellip;<\/p>\n","protected":false},"author":1,"featured_media":0,"parent":0,"menu_order":0,"comment_status":"closed","ping_status":"closed","template":"templates\/page-full.php","meta":{"footnotes":""},"class_list":["post-107","page","type-page","status-publish","hentry"],"_links":{"self":[{"href":"https:\/\/uwi.com.ar\/index.php\/wp-json\/wp\/v2\/pages\/107","targetHints":{"allow":["GET"]}}],"collection":[{"href":"https:\/\/uwi.com.ar\/index.php\/wp-json\/wp\/v2\/pages"}],"about":[{"href":"https:\/\/uwi.com.ar\/index.php\/wp-json\/wp\/v2\/types\/page"}],"author":[{"embeddable":true,"href":"https:\/\/uwi.com.ar\/index.php\/wp-json\/wp\/v2\/users\/1"}],"replies":[{"embeddable":true,"href":"https:\/\/uwi.com.ar\/index.php\/wp-json\/wp\/v2\/comments?post=107"}],"version-history":[{"count":4,"href":"https:\/\/uwi.com.ar\/index.php\/wp-json\/wp\/v2\/pages\/107\/revisions"}],"predecessor-version":[{"id":199,"href":"https:\/\/uwi.com.ar\/index.php\/wp-json\/wp\/v2\/pages\/107\/revisions\/199"}],"wp:attachment":[{"href":"https:\/\/uwi.com.ar\/index.php\/wp-json\/wp\/v2\/media?parent=107"}],"curies":[{"name":"wp","href":"https:\/\/api.w.org\/{rel}","templated":true}]}}